{"id":6924,"date":"2023-12-18T17:29:50","date_gmt":"2023-12-18T14:29:50","guid":{"rendered":"https:\/\/beniningreece.gr\/politique-en-matiere-de-cookies\/"},"modified":"2024-10-24T15:53:03","modified_gmt":"2024-10-24T12:53:03","slug":"politique-en-matiere-de-cookies","status":"publish","type":"page","link":"https:\/\/beniningreece.gr\/fr\/politique-en-matiere-de-cookies\/","title":{"rendered":"Politique en mati\u00e8re de cookies"},"content":{"rendered":"[vc_row type=\u00a0\u00bbin_container\u00a0\u00bb full_screen_row_position=\u00a0\u00bbmiddle\u00a0\u00bb column_margin=\u00a0\u00bbdefault\u00a0\u00bb column_direction=\u00a0\u00bbdefault\u00a0\u00bb column_direction_tablet=\u00a0\u00bbdefault\u00a0\u00bb column_direction_phone=\u00a0\u00bbdefault\u00a0\u00bb scene_position=\u00a0\u00bbcenter\u00a0\u00bb top_padding=\u00a0\u00bb25px\u00a0\u00bb text_color=\u00a0\u00bbdark\u00a0\u00bb text_align=\u00a0\u00bbleft\u00a0\u00bb row_border_radius=\u00a0\u00bbnone\u00a0\u00bb row_border_radius_applies=\u00a0\u00bbbg\u00a0\u00bb overflow=\u00a0\u00bbvisible\u00a0\u00bb overlay_strength=\u00a0\u00bb0.3&Prime; gradient_direction=\u00a0\u00bbleft_to_right\u00a0\u00bb shape_divider_position=\u00a0\u00bbbottom\u00a0\u00bb bg_image_animation=\u00a0\u00bbnone\u00a0\u00bb gradient_type=\u00a0\u00bbdefault\u00a0\u00bb shape_type=\u00a0\u00bb\u00a0\u00bb][vc_column column_padding=\u00a0\u00bbno-extra-padding\u00a0\u00bb column_padding_tablet=\u00a0\u00bbinherit\u00a0\u00bb column_padding_phone=\u00a0\u00bbinherit\u00a0\u00bb column_padding_position=\u00a0\u00bball\u00a0\u00bb column_element_direction_desktop=\u00a0\u00bbdefault\u00a0\u00bb column_element_spacing=\u00a0\u00bbdefault\u00a0\u00bb desktop_text_alignment=\u00a0\u00bbdefault\u00a0\u00bb tablet_text_alignment=\u00a0\u00bbdefault\u00a0\u00bb phone_text_alignment=\u00a0\u00bbdefault\u00a0\u00bb background_color_opacity=\u00a0\u00bb1&Prime; background_hover_color_opacity=\u00a0\u00bb1&Prime; column_backdrop_filter=\u00a0\u00bbnone\u00a0\u00bb column_shadow=\u00a0\u00bbnone\u00a0\u00bb column_border_radius=\u00a0\u00bbnone\u00a0\u00bb column_link_target=\u00a0\u00bb_self\u00a0\u00bb column_position=\u00a0\u00bbdefault\u00a0\u00bb gradient_direction=\u00a0\u00bbleft_to_right\u00a0\u00bb overlay_strength=\u00a0\u00bb0.3&Prime; width=\u00a0\u00bb1\/1&Prime; tablet_width_inherit=\u00a0\u00bbdefault\u00a0\u00bb animation_type=\u00a0\u00bbdefault\u00a0\u00bb bg_image_animation=\u00a0\u00bbnone\u00a0\u00bb border_type=\u00a0\u00bbsimple\u00a0\u00bb column_border_width=\u00a0\u00bbnone\u00a0\u00bb column_border_style=\u00a0\u00bbsolid\u00a0\u00bb][vc_column_text]Derni\u00e8re mise \u00e0 jour : 15\/10\/2024 Chez BenininGreece.gr , nous utilisons des cookies pour am\u00e9liorer votre exp\u00e9rience sur notre site web. La pr\u00e9sente politique en mati\u00e8re de cookies explique ce que sont les cookies, comment nous les utilisons et quels sont vos choix en la mati\u00e8re.<\/p>\n<h3>Qu&rsquo;est-ce qu&rsquo;un cookie ?<\/h3>\n<p>Les cookies sont de petits fichiers texte qui sont stock\u00e9s sur votre appareil lorsque vous visitez un site web. Ils nous aident \u00e0 m\u00e9moriser vos pr\u00e9f\u00e9rences et \u00e0 am\u00e9liorer votre exp\u00e9rience. <\/p>\n<h3>Comment nous utilisons les cookies<\/h3>\n<p>Notre site web utilise Google Analytics pour collecter des informations sur l&rsquo;utilisation de notre site par les visiteurs. Google Analytics utilise des cookies pour analyser le comportement des utilisateurs, ce qui nous aide \u00e0 comprendre comment notre site est utilis\u00e9 et comment nous pouvons l&rsquo;am\u00e9liorer. Les informations g\u00e9n\u00e9r\u00e9es par les cookies concernant votre utilisation du site (y compris votre adresse IP) seront transmises et stock\u00e9es par Google sur des serveurs situ\u00e9s aux \u00c9tats-Unis.  <\/p>\n<h3>Types de cookies que nous utilisons<\/h3>\n<ol>\n<li><strong>Cookies de performance<\/strong>:\n<ul>\n<li>Les cookies de Google Analytics entrent dans cette cat\u00e9gorie. Ils recueillent des informations sur la mani\u00e8re dont les visiteurs interagissent avec notre site web, par exemple les pages les plus visit\u00e9es, et si les visiteurs re\u00e7oivent des messages d&rsquo;erreur des pages web. Ces donn\u00e9es nous aident \u00e0 am\u00e9liorer les performances de notre site web.  <\/li>\n<\/ul>\n<\/li>\n<\/ol>\n<h3>Vos choix concernant les cookies<\/h3>\n<p>Vous pouvez contr\u00f4ler l&rsquo;utilisation des cookies au niveau du navigateur individuel. Si vous pr\u00e9f\u00e9rez ne pas accepter les cookies, vous pouvez configurer votre navigateur pour qu&rsquo;il les rejette ou pour qu&rsquo;il vous avertisse lorsque des cookies sont envoy\u00e9s. Toutefois, si vous d\u00e9sactivez les cookies, certaines fonctionnalit\u00e9s de notre site web risquent de ne pas fonctionner correctement.  <\/p>\n<h3>Plus d&rsquo;informations sur les cookies<\/h3>\n<p>Pour plus d&rsquo;informations sur les cookies et la mani\u00e8re de les g\u00e9rer, consultez le site <a href=\"http:\/\/www.allaboutcookies.org\" target=\"_new\" rel=\"noopener\">www.allaboutcookies.org<\/a>.<\/p>\n<h3>Modifications de la pr\u00e9sente politique en mati\u00e8re de cookies<\/h3>\n<p>Nous pouvons mettre \u00e0 jour la pr\u00e9sente politique en mati\u00e8re de cookies de temps \u00e0 autre. Nous vous informerons de toute modification en publiant la nouvelle politique sur cette page. Nous vous conseillons de consulter r\u00e9guli\u00e8rement la pr\u00e9sente politique en mati\u00e8re de cookies pour prendre connaissance des \u00e9ventuelles modifications. Si vous avez des questions concernant notre politique en mati\u00e8re de cookies, veuillez nous contacter \u00e0 l&rsquo;adresse suivante : info@beningreece.gr[\/vc_column_text][\/vc_column][\/vc_row]\n","protected":false},"excerpt":{"rendered":"<p>[vc_row type=\u00a0\u00bbin_container\u00a0\u00bb full_screen_row_position=\u00a0\u00bbmiddle\u00a0\u00bb column_margin=\u00a0\u00bbdefault\u00a0\u00bb column_direction=\u00a0\u00bbdefault\u00a0\u00bb column_direction_tablet=\u00a0\u00bbdefault\u00a0\u00bb column_direction_phone=\u00a0\u00bbdefault\u00a0\u00bb scene_position=\u00a0\u00bbcenter\u00a0\u00bb top_padding=\u00a0\u00bb25px\u00a0\u00bb text_color=\u00a0\u00bbdark\u00a0\u00bb text_align=\u00a0\u00bbleft\u00a0\u00bb row_border_radius=\u00a0\u00bbnone\u00a0\u00bb row_border_radius_applies=\u00a0\u00bbbg\u00a0\u00bb overflow=\u00a0\u00bbvisible\u00a0\u00bb overlay_strength=\u00a0\u00bb0.3&Prime; gradient_direction=\u00a0\u00bbleft_to_right\u00a0\u00bb shape_divider_position=\u00a0\u00bbbottom\u00a0\u00bb bg_image_animation=\u00a0\u00bbnone\u00a0\u00bb gradient_type=\u00a0\u00bbdefault\u00a0\u00bb shape_type=\u00a0\u00bb\u00a0\u00bb][vc_column column_padding=\u00a0\u00bbno-extra-padding\u00a0\u00bb column_padding_tablet=\u00a0\u00bbinherit\u00a0\u00bb column_padding_phone=\u00a0\u00bbinherit\u00a0\u00bb column_padding_position=\u00a0\u00bball\u00a0\u00bb column_element_direction_desktop=\u00a0\u00bbdefault\u00a0\u00bb column_element_spacing=\u00a0\u00bbdefault\u00a0\u00bb desktop_text_alignment=\u00a0\u00bbdefault\u00a0\u00bb tablet_text_alignment=\u00a0\u00bbdefault\u00a0\u00bb phone_text_alignment=\u00a0\u00bbdefault\u00a0\u00bb background_color_opacity=\u00a0\u00bb1&Prime;&#8230;<\/p>\n","protected":false},"author":1,"featured_media":0,"parent":0,"menu_order":0,"comment_status":"closed","ping_status":"closed","template":"","meta":{"footnotes":""},"class_list":["post-6924","page","type-page","status-publish"],"_links":{"self":[{"href":"https:\/\/beniningreece.gr\/fr\/wp-json\/wp\/v2\/pages\/6924","targetHints":{"allow":["GET"]}}],"collection":[{"href":"https:\/\/beniningreece.gr\/fr\/wp-json\/wp\/v2\/pages"}],"about":[{"href":"https:\/\/beniningreece.gr\/fr\/wp-json\/wp\/v2\/types\/page"}],"author":[{"embeddable":true,"href":"https:\/\/beniningreece.gr\/fr\/wp-json\/wp\/v2\/users\/1"}],"replies":[{"embeddable":true,"href":"https:\/\/beniningreece.gr\/fr\/wp-json\/wp\/v2\/comments?post=6924"}],"version-history":[{"count":2,"href":"https:\/\/beniningreece.gr\/fr\/wp-json\/wp\/v2\/pages\/6924\/revisions"}],"predecessor-version":[{"id":6926,"href":"https:\/\/beniningreece.gr\/fr\/wp-json\/wp\/v2\/pages\/6924\/revisions\/6926"}],"wp:attachment":[{"href":"https:\/\/beniningreece.gr\/fr\/wp-json\/wp\/v2\/media?parent=6924"}],"curies":[{"name":"wp","href":"https:\/\/api.w.org\/{rel}","templated":true}]}}